{"id":720,"date":"2022-12-14T20:45:32","date_gmt":"2022-12-14T19:45:32","guid":{"rendered":"https:\/\/bienetre-heffingen.com\/?page_id=720"},"modified":"2024-12-29T19:10:03","modified_gmt":"2024-12-29T18:10:03","slug":"sbe-bibliotheik","status":"publish","type":"page","link":"https:\/\/bienetre-heffingen.com\/pt\/sbe-bibliotheik\/","title":{"rendered":"SBE-Biblioth\u00e9ik"},"content":{"rendered":"<h2 class=\"wp-block-heading has-large-font-size\">Ausleihe an SBE-Mitglieder \u2013 Anfrage per E-Mail<br>Pr\u00eat aux membres SBE \u2013 demande par e-mail<br>Loan to SBE members \u2013 request by email<\/h2>\n\n\n\n<hr class=\"wp-block-separator alignfull has-alpha-channel-opacity\"\/>\n\n\n\n<div class=\"wp-block-group is-vertical is-layout-flex wp-container-core-group-is-layout-3210c5b8 wp-block-group-is-layout-flex\" style=\"margin-top:var(--wp--preset--spacing--40)\">\n<h2 class=\"wp-block-heading\"><strong>Joseph PILATES \u2013 Die Biografie von Eva RINCKE<\/strong><\/h2>\n\n\n\n<p>(Verlag Herder GmbH, 2015; ISBN 978-3-451-600442-5)<\/p>\n\n\n\n<p>Dieses 300 Seiten starke Buch erz\u00e4hlt die Lebensgeschichte des 1883 in M\u00f6nchengladbach geborenen Joseph PILATES, der Kindheit und Jugend in \u00e4rmlichen Verh\u00e4ltnissen verbrachte. Bereits im Deutschen Reich hatte der Boxer und Autodidakt sein sogenanntes \u201cK\u00f6rper\u00fcbungsger\u00e4t\u201d entwickelt. Rincke schreibt: \u201cDie Idee hinter dem Ger\u00e4t war, Muskeln gegen einen Widerstand arbeiten zu lassen und auf diese Weise \u00dcbungen zur Dehnung und Kr\u00e4ftigung zu intensivieren.\u201d Nachdem Joseph PILATES in Deutschland nicht der gew\u00fcnschte Durchbruch gelang, wanderte er 1926 in die USA aus, er\u00f6ffnete 1927 in Manhattan sein erstes Studio und konnte mit seiner Methode \u201cfast jede Verletzung heilen\u201d. Bald wurde er \u201czum Fitnessguru der Tanzszene von Manhattan\u201d.<\/p>\n\n\n\n<p>Diese spannende Biografie liest sich leicht und ist mit zahlreichen Quellenangaben unterf\u00fcttert.<\/p>\n<\/div>\n\n\n\n<div class=\"wp-block-group is-vertical is-layout-flex wp-container-core-group-is-layout-aeb27a97 wp-block-group-is-layout-flex\" style=\"margin-top:var(--wp--preset--spacing--30);margin-bottom:var(--wp--preset--spacing--30)\">\n<h2 class=\"wp-block-heading\"><strong><strong>Darm mit Charme \u2013 Alles \u00fcber ein untersch\u00e4tztes Organ von Giulia ENDERS<\/strong><\/strong><\/h2>\n\n\n\n<p>(Ullstein-Verlag 2014, ISBN 978-3-550-08041-8)<\/p>\n\n\n\n<p>Von diesem&nbsp; Buch haben sicher schon alle mal geh\u00f6rt, und die Lekt\u00fcre lohnt sich absolut. Wissenschaftliche Fakten werden auf allgemeinverst\u00e4ndliche und lustige Weise an die LeserInnen gebracht.<\/p>\n\n\n\n<p>Die Autorin spricht eine unverbl\u00fcmte Sprache, was bereits das erste Unterkapitel von Kapitel 1 veranschaulicht: \u201cWie geht kacken?\u201d- \u2026 und warum das eine Frage wert ist\u201d.<\/p>\n\n\n\n<p>Wir erfahren, warum es im wahrsten Sinne des Wortes f\u00f6rderlich ist, beim \u201cgro\u00dfen Gesch\u00e4ft\u201d die F\u00fc\u00dfe auf ein Fu\u00dfb\u00e4nkchen hochzustellen, und was es mit dem \u201cSchaukelhocken\u201d auf sich hat.<\/p>\n\n\n\n<p>Auch die Themen \u201cAllergien, Unvertr\u00e4glichkeiten und Intoleranzen\u201d, \u201cVerdauung und Verstopfung\u201d sowie die Rolle der Bakterien f\u00fcr unser Immunsystem werden ausf\u00fchrlich behandelt.<\/p>\n\n\n\n<p>Die Lekt\u00fcre ist sehr empfehlenswert und die praktischen Hinweise lassen sich leicht in die Tag umsetzen.<\/p>\n\n\n\n<p>Diese spannende Biografie liest sich leicht und ist mit zahlreichen Quellenangaben unterf\u00fcttert.<\/p>\n<\/div>","protected":false},"excerpt":{"rendered":"<p>Ausleihe an SBE-Mitglieder \u2013 Anfrage per E-MailPr\u00eat aux membres SBE \u2013 demande par e-mailLoan to SBE members \u2013 request by email Joseph PILATES \u2013 Die Biografie von Eva RINCKE (Verlag Herder GmbH, 2015; ISBN 978-3-451-600442-5) Dieses 300 Seiten starke Buch erz\u00e4hlt die Lebensgeschichte des 1883 in M\u00f6nchengladbach geborenen Joseph PILATES, der Kindheit und Jugend in [&hellip;]<\/p>\n","protected":false},"author":1,"featured_media":0,"parent":0,"menu_order":0,"comment_status":"closed","ping_status":"closed","template":"","meta":{"site-sidebar-layout":"default","site-content-layout":"default","ast-site-content-layout":"default","site-content-style":"default","site-sidebar-style":"default","ast-global-header-display":"","ast-banner-title-visibility":"","ast-main-header-display":"","ast-hfb-above-header-display":"","ast-hfb-below-header-display":"","ast-hfb-mobile-header-display":"","site-post-title":"","ast-breadcrumbs-content":"","ast-featured-img":"","footer-sml-layout":"","theme-transparent-header-meta":"default","adv-header-id-meta":"","stick-header-meta":"default","header-above-stick-meta":"","header-main-stick-meta":"","header-below-stick-meta":"","astra-migrate-meta-layouts":"set","ast-page-background-enabled":"default","ast-page-background-meta":{"desktop":{"background-color":"","background-image":"","background-repeat":"repeat","background-position":"center center","background-size":"auto","background-attachment":"scroll","background-type":"","background-media":"","overlay-type":"","overlay-color":"","overlay-opacity":"","overlay-gradient":""},"tablet":{"background-color":"","background-image":"","background-repeat":"repeat","background-position":"center center","background-size":"auto","background-attachment":"scroll","background-type":"","background-media":"","overlay-type":"","overlay-color":"","overlay-opacity":"","overlay-gradient":""},"mobile":{"background-color":"","background-image":"","background-repeat":"repeat","background-position":"center center","background-size":"auto","background-attachment":"scroll","background-type":"","background-media":"","overlay-type":"","overlay-color":"","overlay-opacity":"","overlay-gradient":""}},"ast-content-background-meta":{"desktop":{"background-color":"var(--ast-global-color-5)","background-image":"","background-repeat":"repeat","background-position":"center center","background-size":"auto","background-attachment":"scroll","background-type":"","background-media":"","overlay-type":"","overlay-color":"","overlay-opacity":"","overlay-gradient":""},"tablet":{"background-color":"var(--ast-global-color-5)","background-image":"","background-repeat":"repeat","background-position":"center center","background-size":"auto","background-attachment":"scroll","background-type":"","background-media":"","overlay-type":"","overlay-color":"","overlay-opacity":"","overlay-gradient":""},"mobile":{"background-color":"var(--ast-global-color-5)","background-image":"","background-repeat":"repeat","background-position":"center center","background-size":"auto","background-attachment":"scroll","background-type":"","background-media":"","overlay-type":"","overlay-color":"","overlay-opacity":"","overlay-gradient":""}},"footnotes":""},"class_list":["post-720","page","type-page","status-publish","hentry"],"_links":{"self":[{"href":"https:\/\/bienetre-heffingen.com\/pt\/wp-json\/wp\/v2\/pages\/720","targetHints":{"allow":["GET"]}}],"collection":[{"href":"https:\/\/bienetre-heffingen.com\/pt\/wp-json\/wp\/v2\/pages"}],"about":[{"href":"https:\/\/bienetre-heffingen.com\/pt\/wp-json\/wp\/v2\/types\/page"}],"author":[{"embeddable":true,"href":"https:\/\/bienetre-heffingen.com\/pt\/wp-json\/wp\/v2\/users\/1"}],"replies":[{"embeddable":true,"href":"https:\/\/bienetre-heffingen.com\/pt\/wp-json\/wp\/v2\/comments?post=720"}],"version-history":[{"count":20,"href":"https:\/\/bienetre-heffingen.com\/pt\/wp-json\/wp\/v2\/pages\/720\/revisions"}],"predecessor-version":[{"id":1161,"href":"https:\/\/bienetre-heffingen.com\/pt\/wp-json\/wp\/v2\/pages\/720\/revisions\/1161"}],"wp:attachment":[{"href":"https:\/\/bienetre-heffingen.com\/pt\/wp-json\/wp\/v2\/media?parent=720"}],"curies":[{"name":"wp","href":"https:\/\/api.w.org\/{rel}","templated":true}]}}