{"id":192,"date":"2021-07-10T13:28:02","date_gmt":"2021-07-10T12:28:02","guid":{"rendered":"https:\/\/bienetre-heffingen.com\/?page_id=192"},"modified":"2025-12-31T14:15:32","modified_gmt":"2025-12-31T13:15:32","slug":"maach-mat","status":"publish","type":"page","link":"https:\/\/bienetre-heffingen.com\/pt\/maach-mat\/","title":{"rendered":"Tornar-se um membro"},"content":{"rendered":"<h4 class=\"wp-block-heading\" style=\"text-transform:none\"><a href=\"https:\/\/bienetre-heffingen.com\/pt\/downloads\/\">Tornar-se um membro<\/a><\/h4>\n\n\n\n<p class=\"has-text-align-center has-text-color has-link-color wp-elements-f2db3fd3621a7888662b830c61de29c6\" style=\"color:#b7c500\">UPDATE 31\/12\/2025<\/p>\n\n\n\n<p>A nossa oferta \u00e9 para todos, sejam membros ou n\u00e3o.<br> Quem quiser tornar-se membro paga uma taxa de ades\u00e3o por ano:<br> - individual: 50 EUR<br> - Cart\u00e3o de membro da fam\u00edlia \u201cmonoparental\u201d: 50 EUR<br> -  Cart\u00e3o de membro da fam\u00edlia:<strong>para <\/strong><strong>pessoas que vivem no mesmo agregado familiar; as crian\u00e7as que vivem num local diferente, mas que ainda s\u00e3o estudantes, tamb\u00e9m s\u00e3o abrangidas<\/strong>): 75 EUR<\/p>\n\n\n\n<p>A vantagem disto \u00e9 um desconto na participa\u00e7\u00e3o em v\u00e1rios cursos e workshops, entrada gratuita em apresenta\u00e7\u00f5es e participa\u00e7\u00e3o em eventos reservados aos membros.<\/p>\n\n\n\n<p>Al\u00e9m disso, os membros est\u00e3o cobertos pelo seguro da SBE, o que n\u00e3o \u00e9 o caso dos outros participantes. A responsabilidade da Associa\u00e7\u00e3o \ncome\u00e7a logo que se entra na sala de aula<\/p>\n\n\n\n<p>1\u00aa subscri\u00e7\u00e3o: pre\u00e7o integral<\/p>\n\n\n\n<p>2\u00aa subscri\u00e7\u00e3o\/pessoa: redu\u00e7\u00e3o de 50 EUR\/trimestre<\/p>\n\n\n\n<p class=\"translation-block\"><mark class=\"has-inline-color has-ast-global-color-0-color\"><strong>NOVO!<\/strong><\/mark> 3. assinatura\/pessoa: gratuitamente<\/p>\n\n\n\n<p>Se desejar apoiar o nosso trabalho, pode adquirir <strong>um cart\u00e3o de s\u00f3cio de suporte, <\/strong>quer transferindo 10 EUR para a nossa conta ou em dinheiro de um dos nossos membros do conselho.<\/p>\n\n\n\n<p>BCEE:&nbsp; IBAN LU59 0019 6055 6681 5000&nbsp;&nbsp;&nbsp;&nbsp;&nbsp; BIC: BCEELULL <br><strong>SANTE ET BIEN-ETRE HIEFENECH ASBL<\/strong><\/p>\n\n\n\n<p>Payconiq: <img loading=\"lazy\" decoding=\"async\" width=\"150\" height=\"150\" class=\"wp-image-1606\" style=\"width: 150px;\" src=\"https:\/\/bienetre-heffingen.com\/wp-content\/uploads\/2025\/12\/QR-membrehonoraire.png\" alt=\"\" srcset=\"https:\/\/bienetre-heffingen.com\/wp-content\/uploads\/2025\/12\/QR-membrehonoraire.png 250w, https:\/\/bienetre-heffingen.com\/wp-content\/uploads\/2025\/12\/QR-membrehonoraire-150x150.png 150w, https:\/\/bienetre-heffingen.com\/wp-content\/uploads\/2025\/12\/QR-membrehonoraire-12x12.png 12w\" sizes=\"auto, (max-width: 150px) 100vw, 150px\" \/> <a href=\"https:\/\/payconiq.com\/t\/1\/68df9a9b3f1f491b26c2add6?A=1000&amp;R=SBE%20Hiefenech%20asbl&amp;D=F%C3%B6rdermitglied%2Fmembre%20honoraire\">https:\/\/payconiq.com\/t\/1\/68df9a9b3f1f491b26c2add6?A=1000&amp;R=SBE%20Hiefenech%20asbl&amp;D=F%C3%B6rdermitglied%2Fmembre%20honoraire<\/a> <a role=\"button\" href=\"https:\/\/bienetre-heffingen.com\/wp-content\/uploads\/2023\/08\/Einschreibung-Multi-Mitgliedschaft.pdf\" target=\"_blank\" rel=\"noopener\"><\/a><a role=\"button\" href=\"https:\/\/bienetre-heffingen.com\/pt\/contact-us\/\" target=\"_self\" rel=\"noopener\"><\/a><\/p>\n\n\n\n<div class=\"wp-block-buttons is-content-justification-center is-layout-flex wp-container-core-buttons-is-layout-48d0e691 wp-block-buttons-is-layout-flex\" style=\"margin-top:var(--wp--preset--spacing--60);margin-bottom:var(--wp--preset--spacing--60)\">\n<div class=\"wp-block-button is-style-outline is-style-outline--1\"><a class=\"wp-block-button__link wp-element-button\" href=\"https:\/\/bienetre-heffingen.com\/pt\/downloads\/\" style=\"border-radius:8px\"> Gostaria de ser membro<\/a><\/div>\n<\/div>\n\n\n\n<p><\/p>","protected":false},"excerpt":{"rendered":"<p>Member ginn UPDATE 31\/12\/2025 D&#8217;Offer vun SBE ass fir jiddereen, ob Member oder net. Wien well Member ginn, bezuelt eng Cotisatioun pro Joer (September-September): &#8211; Individuell Memberskaart: 50 EUR &#8211; Familjememberskaart &#8220;Monoparental&#8221;: 50 EUR &#8211; Familjememberskaart (fir Leit, d\u00e9i am selwe Stot wunnen; Kanner, d\u00e9i nach Studenten sinn an un enger anerer Adress wunnen, sinn [&hellip;]<\/p>\n","protected":false},"author":1,"featured_media":0,"parent":0,"menu_order":0,"comment_status":"closed","ping_status":"closed","template":"","meta":{"site-sidebar-layout":"no-sidebar","site-content-layout":"plain-container","ast-site-content-layout":"normal-width-container","site-content-style":"unboxed","site-sidebar-style":"unboxed","ast-global-header-display":"","ast-banner-title-visibility":"","ast-main-header-display":"","ast-hfb-above-header-display":"","ast-hfb-below-header-display":"","ast-hfb-mobile-header-display":"","site-post-title":"disabled","ast-breadcrumbs-content":"","ast-featured-img":"","footer-sml-layout":"","theme-transparent-header-meta":"default","adv-header-id-meta":"","stick-header-meta":"default","header-above-stick-meta":"","header-main-stick-meta":"","header-below-stick-meta":"","astra-migrate-meta-layouts":"set","ast-page-background-enabled":"default","ast-page-background-meta":{"desktop":{"background-color":"","background-image":"","background-repeat":"repeat","background-position":"center center","background-size":"auto","background-attachment":"scroll","background-type":"","background-media":"","overlay-type":"","overlay-color":"","overlay-opacity":"","overlay-gradient":""},"tablet":{"background-color":"","background-image":"","background-repeat":"repeat","background-position":"center center","background-size":"auto","background-attachment":"scroll","background-type":"","background-media":"","overlay-type":"","overlay-color":"","overlay-opacity":"","overlay-gradient":""},"mobile":{"background-color":"","background-image":"","background-repeat":"repeat","background-position":"center center","background-size":"auto","background-attachment":"scroll","background-type":"","background-media":"","overlay-type":"","overlay-color":"","overlay-opacity":"","overlay-gradient":""}},"ast-content-background-meta":{"desktop":{"background-color":"var(--ast-global-color-5)","background-image":"","background-repeat":"repeat","background-position":"center center","background-size":"auto","background-attachment":"scroll","background-type":"","background-media":"","overlay-type":"","overlay-color":"","overlay-opacity":"","overlay-gradient":""},"tablet":{"background-color":"var(--ast-global-color-5)","background-image":"","background-repeat":"repeat","background-position":"center center","background-size":"auto","background-attachment":"scroll","background-type":"","background-media":"","overlay-type":"","overlay-color":"","overlay-opacity":"","overlay-gradient":""},"mobile":{"background-color":"var(--ast-global-color-5)","background-image":"","background-repeat":"repeat","background-position":"center center","background-size":"auto","background-attachment":"scroll","background-type":"","background-media":"","overlay-type":"","overlay-color":"","overlay-opacity":"","overlay-gradient":""}},"footnotes":""},"class_list":["post-192","page","type-page","status-publish","hentry"],"_links":{"self":[{"href":"https:\/\/bienetre-heffingen.com\/pt\/wp-json\/wp\/v2\/pages\/192","targetHints":{"allow":["GET"]}}],"collection":[{"href":"https:\/\/bienetre-heffingen.com\/pt\/wp-json\/wp\/v2\/pages"}],"about":[{"href":"https:\/\/bienetre-heffingen.com\/pt\/wp-json\/wp\/v2\/types\/page"}],"author":[{"embeddable":true,"href":"https:\/\/bienetre-heffingen.com\/pt\/wp-json\/wp\/v2\/users\/1"}],"replies":[{"embeddable":true,"href":"https:\/\/bienetre-heffingen.com\/pt\/wp-json\/wp\/v2\/comments?post=192"}],"version-history":[{"count":57,"href":"https:\/\/bienetre-heffingen.com\/pt\/wp-json\/wp\/v2\/pages\/192\/revisions"}],"predecessor-version":[{"id":1608,"href":"https:\/\/bienetre-heffingen.com\/pt\/wp-json\/wp\/v2\/pages\/192\/revisions\/1608"}],"wp:attachment":[{"href":"https:\/\/bienetre-heffingen.com\/pt\/wp-json\/wp\/v2\/media?parent=192"}],"curies":[{"name":"wp","href":"https:\/\/api.w.org\/{rel}","templated":true}]}}