{"id":68,"date":"2021-05-23T19:24:21","date_gmt":"2021-05-23T17:24:21","guid":{"rendered":"https:\/\/bienetre-heffingen.com\/?page_id=68"},"modified":"2025-01-07T14:07:04","modified_gmt":"2025-01-07T13:07:04","slug":"home","status":"publish","type":"page","link":"https:\/\/bienetre-heffingen.com\/fr\/","title":{"rendered":"Home"},"content":{"rendered":"<div class=\"wp-block-cover alignfull wp-duotone-unset-1\" style=\"margin-top:0;padding-top:48px;padding-right:48px;padding-bottom:48px;padding-left:48px;min-height:66vh;aspect-ratio:unset;\"><span aria-hidden=\"true\" class=\"wp-block-cover__background has-background-dim-30 has-background-dim\"><\/span><img loading=\"lazy\" decoding=\"async\" width=\"1920\" height=\"1018\" class=\"wp-block-cover__image-background wp-image-61\" alt=\"\" src=\"https:\/\/bienetre-heffingen.com\/wp-content\/uploads\/2021\/05\/tree-247122.jpg\" data-object-fit=\"cover\" srcset=\"https:\/\/bienetre-heffingen.com\/wp-content\/uploads\/2021\/05\/tree-247122.jpg 1920w, https:\/\/bienetre-heffingen.com\/wp-content\/uploads\/2021\/05\/tree-247122-300x159.jpg 300w, https:\/\/bienetre-heffingen.com\/wp-content\/uploads\/2021\/05\/tree-247122-1024x543.jpg 1024w, https:\/\/bienetre-heffingen.com\/wp-content\/uploads\/2021\/05\/tree-247122-768x407.jpg 768w, https:\/\/bienetre-heffingen.com\/wp-content\/uploads\/2021\/05\/tree-247122-1536x814.jpg 1536w\" sizes=\"auto, (max-width: 1920px) 100vw, 1920px\" \/><div class=\"wp-block-cover__inner-container is-layout-flow wp-block-cover-is-layout-flow\">\n<div class=\"wp-block-columns is-layout-flex wp-container-core-columns-is-layout-28f84493 wp-block-columns-is-layout-flex\">\n<div class=\"wp-block-column is-layout-flow wp-block-column-is-layout-flow\" style=\"flex-basis:20%\"><\/div>\n\n\n\n<div class=\"wp-block-column is-layout-flow wp-block-column-is-layout-flow\" style=\"flex-basis:500px\">\n<h1 class=\"wp-block-heading has-ast-global-color-4-color has-text-color has-link-color wp-elements-f05e6e23a2c5446d4283ddd5cd26a360\">Sant\u00e9 &amp; Bien-Etre Hiefenech <\/h1>\n\n\n\n<p class=\"has-ast-global-color-4-color has-text-color has-link-color has-medium-font-size wp-elements-dae103fb16378c59b3d0c9843eab2253\">La mission de SBE est d\u2019offrir des activit\u00e9s qui favorisent la sant\u00e9, le bien-\u00eatre et un sentiment d'appartenance pour les habitants de notre r\u00e9gion, ceci en collaboration avec les r\u00e9sidents, les administrations\nlocales et des experts. <\/p>\n\n\n\n<div class=\"wp-block-buttons is-layout-flex wp-block-buttons-is-layout-flex\">\n<div class=\"wp-block-button has-custom-font-size is-style-fill has-medium-font-size\"><a class=\"wp-block-button__link has-background wp-element-button\" href=\"\/fr\/projects\/\" style=\"border-style:none;border-width:0px;border-radius:8px;background-color:#b7c500;padding-top:var(--wp--preset--spacing--40);padding-bottom:var(--wp--preset--spacing--40)\">D\u00e9couvrez nos activit\u00e9s<\/a><\/div>\n<\/div>\n<\/div>\n<\/div>\n<\/div><\/div>\n\n\n\n<h2 class=\"wp-block-heading has-text-align-center\" style=\"margin-top:0;margin-right:0;margin-bottom:0;margin-left:0;padding-top:3rem;padding-bottom:3rem\">\n\t\tD\u00e9couvrez notre association\n\t<\/h2>\n\n\n\n<div class=\"wp-block-group is-layout-constrained wp-block-group-is-layout-constrained\" style=\"margin-top:0;margin-bottom:0;padding-top:var(--wp--preset--spacing--50);padding-bottom:var(--wp--preset--spacing--50)\"><div class=\"wp-block-group__inner-container\">\n<div class=\"wp-block-columns are-vertically-aligned-center is-layout-flex wp-container-core-columns-is-layout-28f84493 wp-block-columns-is-layout-flex\">\n<div class=\"wp-block-column is-vertically-aligned-center is-layout-flow wp-block-column-is-layout-flow\" style=\"flex-basis:45%\">\n<hr class=\"wp-block-separator has-alpha-channel-opacity is-style-wide\"\/>\n<\/div>\n\n\n\n<div class=\"wp-block-column is-vertically-aligned-center is-layout-flow wp-block-column-is-layout-flow\">\n<figure class=\"wp-block-image aligncenter is-resized\"><img decoding=\"async\" src=\"https:\/\/bienetre-heffingen.com\/wp-content\/uploads\/2021\/05\/stencil.small-square.png\" alt=\"stencil.small-square\" style=\"aspect-ratio:1;object-fit:cover;width:50px\" title=\"stencil.small-square\"\/><\/figure>\n<\/div>\n\n\n\n<div class=\"wp-block-column is-vertically-aligned-center is-layout-flow wp-block-column-is-layout-flow\" style=\"flex-basis:45%\">\n<hr class=\"wp-block-separator has-alpha-channel-opacity is-style-wide\"\/>\n<\/div>\n<\/div>\n<\/div><\/div>\n\n\n\n<div class=\"wp-block-columns is-layout-flex wp-container-core-columns-is-layout-28f84493 wp-block-columns-is-layout-flex\">\n<div class=\"wp-block-column is-vertically-aligned-top is-layout-flow wp-block-column-is-layout-flow\">\n<figure class=\"wp-block-image aligncenter size-full is-resized circular-square\"><a href=\"\/fr\/the-asbl\/\"><img loading=\"lazy\" decoding=\"async\" width=\"500\" height=\"500\" src=\"https:\/\/bienetre-heffingen.com\/wp-content\/uploads\/2021\/05\/stencil.medium-square.png\" alt=\"\" class=\"wp-image-97\" style=\"aspect-ratio:1;object-fit:cover;width:150px\" srcset=\"https:\/\/bienetre-heffingen.com\/wp-content\/uploads\/2021\/05\/stencil.medium-square.png 500w, https:\/\/bienetre-heffingen.com\/wp-content\/uploads\/2021\/05\/stencil.medium-square-300x300.png 300w, https:\/\/bienetre-heffingen.com\/wp-content\/uploads\/2021\/05\/stencil.medium-square-150x150.png 150w\" sizes=\"auto, (max-width: 500px) 100vw, 500px\" \/><\/a><\/figure>\n\n\n\n<h3 class=\"wp-block-heading has-text-align-center\"><a href=\"https:\/\/bienetre-heffingen.com\/fr\/the-asbl\/\">Notre ASBL<\/a><\/h3>\n\n\n\n<p class=\"has-text-align-center\">D\u00e9couvrez la substance de Sant\u00e9 &amp; Bien-Etre Hiefenech asbl<a itemprop=\"url\" href=\"https:\/\/bienetre-heffingen.com\/fr\/projects\/\" target=\"_self\" rel=\"noopener\"> <\/a><\/p>\n<\/div>\n\n\n\n<div class=\"wp-block-column is-vertically-aligned-top is-layout-flow wp-block-column-is-layout-flow\">\n<figure class=\"wp-block-image aligncenter size-full is-resized circular-square\"><a href=\"\/fr\/projects\/\"><img loading=\"lazy\" decoding=\"async\" width=\"500\" height=\"500\" src=\"https:\/\/bienetre-heffingen.com\/wp-content\/uploads\/2021\/05\/stencil.medium-square-projects.png\" alt=\"\" class=\"wp-image-98\" style=\"aspect-ratio:1;object-fit:cover;width:150px\" srcset=\"https:\/\/bienetre-heffingen.com\/wp-content\/uploads\/2021\/05\/stencil.medium-square-projects.png 500w, https:\/\/bienetre-heffingen.com\/wp-content\/uploads\/2021\/05\/stencil.medium-square-projects-300x300.png 300w, https:\/\/bienetre-heffingen.com\/wp-content\/uploads\/2021\/05\/stencil.medium-square-projects-150x150.png 150w\" sizes=\"auto, (max-width: 500px) 100vw, 500px\" \/><\/a><\/figure>\n\n\n\n<h3 class=\"wp-block-heading has-text-align-center\"><a href=\"https:\/\/bienetre-heffingen.com\/fr\/projects\/\">Activit\u00e9s<\/a><\/h3>\n\n\n\n<p class=\"has-text-align-center\">Restez inform\u00e9 des d\u00e9veloppements et des activit\u00e9s \u00e0 venir<\/p>\n<\/div>\n\n\n\n<div class=\"wp-block-column is-layout-flow wp-block-column-is-layout-flow\">\n<figure class=\"wp-block-image aligncenter size-full is-resized circular-square\"><a href=\"https:\/\/bienetre-heffingen.com\/fr\/news\/\"><img loading=\"lazy\" decoding=\"async\" width=\"500\" height=\"500\" src=\"https:\/\/bienetre-heffingen.com\/wp-content\/uploads\/2021\/05\/stencil.medium-square-news.png\" alt=\"\" class=\"wp-image-99\" style=\"aspect-ratio:1;object-fit:cover;width:150px\" srcset=\"https:\/\/bienetre-heffingen.com\/wp-content\/uploads\/2021\/05\/stencil.medium-square-news.png 500w, https:\/\/bienetre-heffingen.com\/wp-content\/uploads\/2021\/05\/stencil.medium-square-news-300x300.png 300w, https:\/\/bienetre-heffingen.com\/wp-content\/uploads\/2021\/05\/stencil.medium-square-news-150x150.png 150w\" sizes=\"auto, (max-width: 500px) 100vw, 500px\" \/><\/a><\/figure>\n\n\n\n<h3 class=\"wp-block-heading has-text-align-center\"><a href=\"https:\/\/bienetre-heffingen.com\/fr\/blog\/\">News<\/a><\/h3>\n\n\n\n<p class=\"has-text-align-center\">S'informer sur les activit\u00e9s en cours organis\u00e9es ou soutenues par notre association<\/p>\n<\/div>\n<\/div>\n\n\n\n<div class=\"wp-block-group is-layout-constrained wp-block-group-is-layout-constrained\" style=\"padding-top:var(--wp--preset--spacing--50);padding-bottom:var(--wp--preset--spacing--50)\"><div class=\"wp-block-group__inner-container\">\n<div class=\"wp-block-columns are-vertically-aligned-center is-layout-flex wp-container-core-columns-is-layout-28f84493 wp-block-columns-is-layout-flex\">\n<div class=\"wp-block-column is-vertically-aligned-center is-layout-flow wp-block-column-is-layout-flow\" style=\"flex-basis:45%\">\n<hr class=\"wp-block-separator has-alpha-channel-opacity is-style-wide\"\/>\n<\/div>\n\n\n\n<div class=\"wp-block-column is-vertically-aligned-center is-layout-flow wp-block-column-is-layout-flow\">\n<figure class=\"wp-block-image aligncenter is-resized\"><img decoding=\"async\" src=\"https:\/\/bienetre-heffingen.com\/wp-content\/uploads\/2021\/05\/stencil.small-square.png\" alt=\"stencil.small-square\" style=\"aspect-ratio:1;object-fit:cover;width:50px\" title=\"stencil.small-square\"\/><\/figure>\n<\/div>\n\n\n\n<div class=\"wp-block-column is-vertically-aligned-center is-layout-flow wp-block-column-is-layout-flow\" style=\"flex-basis:45%\">\n<hr class=\"wp-block-separator has-alpha-channel-opacity is-style-wide\"\/>\n<\/div>\n<\/div>\n<\/div><\/div>\n\n\n\n<div class=\"wp-block-columns one-col-mobile has-background is-layout-flex wp-container-core-columns-is-layout-137d5d07 wp-block-columns-is-layout-flex\" style=\"background-color:#1c2f3c;padding-top:var(--wp--preset--spacing--50);padding-right:200px;padding-bottom:var(--wp--preset--spacing--50);padding-left:200px\">\n<div class=\"wp-block-column is-vertically-aligned-center no-mobile is-layout-flow wp-block-column-is-layout-flow\" style=\"flex-basis:40%\">\n<figure class=\"wp-block-image\"><img decoding=\"async\" src=\"https:\/\/bienetre-heffingen.com\/wp-content\/uploads\/2021\/05\/team-4529717_1920.jpg\" alt=\"team-4529717_1920\" title=\"team-4529717_1920\"\/><\/figure>\n<\/div>\n\n\n\n<div class=\"wp-block-column is-vertically-aligned-center is-layout-flow wp-block-column-is-layout-flow\" style=\"flex-basis:60%\">\n<div class=\"wp-block-group is-layout-constrained wp-block-group-is-layout-constrained\"><div class=\"wp-block-group__inner-container\">\n<h2 class=\"wp-block-heading has-ast-global-color-4-color has-text-color has-link-color wp-elements-793191b0a83bb0831ec202cb61bb1fc5\">\n\t\tNos partenaires\n\t<\/h2>\n\n\n\n<p class=\"has-ast-global-color-4-color has-text-color has-link-color wp-elements-f73c852e1de7e32c76c5e5bf3ae65f7f\">Pour \u00eatre en mesure d'offrir le plus large \u00e9ventail possible d'activit\u00e9s, nous d\u00e9pendons de personnes qui mettent leur exp\u00e9rience de vie, leurs qualifications, leurs comp\u00e9tences et leurs connaissances \u00e0 disposition. Outre les animateurs de cours, les conf\u00e9renciers, etc., toute personne ext\u00e9rieure \u00e0 la SBE qui propose une offre correspondant au but et \u00e0 l'esprit de notre association peut \u00e9galement figurer ici en tant que partenaire.<\/p>\n\n\n\n<div class=\"wp-block-buttons is-layout-flex wp-block-buttons-is-layout-flex\">\n<div class=\"wp-block-button has-custom-font-size is-style-outline has-medium-font-size is-style-outline--2\"><a class=\"wp-block-button__link has-text-color has-background has-link-color has-border-color wp-element-button\" href=\"\/fr\/partners\/\" style=\"border-color:#b7c500;border-width:1px;border-radius:8px;color:#b7c500;background-color:#1c2f3c;padding-top:8px;padding-bottom:8px\">Plus d'infos<\/a><\/div>\n<\/div>\n<\/div><\/div>\n<\/div>\n<\/div>\n\n\n\n<div class=\"wp-block-buttons is-content-justification-center is-layout-flex wp-container-core-buttons-is-layout-9033c490 wp-block-buttons-is-layout-flex\" style=\"margin-top:var(--wp--preset--spacing--80);margin-bottom:var(--wp--preset--spacing--80)\">\n<div class=\"wp-block-button has-custom-font-size is-style-fill has-medium-font-size\"><a class=\"wp-block-button__link has-background wp-element-button\" href=\"\/fr\/maach-mat\/\" style=\"border-radius:8px;background-color:#b7c500;padding-top:var(--wp--preset--spacing--40);padding-right:var(--wp--preset--spacing--80);padding-bottom:var(--wp--preset--spacing--40);padding-left:var(--wp--preset--spacing--80)\">Devenir membre<\/a><\/div>\n<\/div>\n\n\n\n<div class=\"wp-block-cover\"><span aria-hidden=\"true\" class=\"wp-block-cover__background has-background-dim\"><\/span><img loading=\"lazy\" decoding=\"async\" width=\"2560\" height=\"1495\" class=\"wp-block-cover__image-background wp-image-118\" alt=\"\" src=\"https:\/\/bienetre-heffingen.com\/wp-content\/uploads\/2021\/05\/road-1072823-scaled.jpg\" data-object-fit=\"cover\" srcset=\"https:\/\/bienetre-heffingen.com\/wp-content\/uploads\/2021\/05\/road-1072823-scaled.jpg 2560w, https:\/\/bienetre-heffingen.com\/wp-content\/uploads\/2021\/05\/road-1072823-300x175.jpg 300w, https:\/\/bienetre-heffingen.com\/wp-content\/uploads\/2021\/05\/road-1072823-1024x598.jpg 1024w, https:\/\/bienetre-heffingen.com\/wp-content\/uploads\/2021\/05\/road-1072823-768x449.jpg 768w, https:\/\/bienetre-heffingen.com\/wp-content\/uploads\/2021\/05\/road-1072823-1536x897.jpg 1536w, https:\/\/bienetre-heffingen.com\/wp-content\/uploads\/2021\/05\/road-1072823-2048x1196.jpg 2048w\" sizes=\"auto, (max-width: 2560px) 100vw, 2560px\" \/><div class=\"wp-block-cover__inner-container is-layout-constrained wp-block-cover-is-layout-constrained\">\n<h2 class=\"wp-block-heading has-text-align-center has-ast-global-color-4-color has-text-color has-link-color wp-elements-c59244d39dcc6d657040f019dfbdef9b\">\n\t\tDes questions ?\n\t<\/h2>\n\n\n\n<div class=\"wp-block-buttons is-content-justification-center is-layout-flex wp-container-core-buttons-is-layout-a89b3969 wp-block-buttons-is-layout-flex\">\n<div class=\"wp-block-button has-custom-font-size is-style-outline has-medium-font-size is-style-outline--3\"><a class=\"wp-block-button__link has-ast-global-color-4-color has-text-color has-link-color wp-element-button\" href=\"\/fr\/contact-us\/\" style=\"border-width:1px;border-radius:8px\">Contactez-nous<\/a><\/div>\n<\/div>\n<\/div><\/div>","protected":false},"excerpt":{"rendered":"<p>Entdeckt eis Associatioun Eis ASBL Wien mir sinn an wat mir maachen Aktivit\u00e9iten Bleift um neiste Stand iwwer nei Aktivit\u00e9iten an Entw\u00e9cklungen News Inform\u00e9iert Iech iwwer lafend Aktivit\u00e9iten d\u00e9i mir organis\u00e9ieren oder \u00ebnnerst\u00ebtzen Eis Partner Fir eng m\u00e9iglechst breet Palette vun Aktivit\u00e9iten unzebidden, brauche mir Leit, d\u00e9i hir Liewenserfarung, Qualifikatiounen, F\u00e4egkeeten a W\u00ebsse b\u00e4idroen. Nieft [&hellip;]<\/p>\n","protected":false},"author":1,"featured_media":0,"parent":0,"menu_order":0,"comment_status":"closed","ping_status":"closed","template":"","meta":{"site-sidebar-layout":"no-sidebar","site-content-layout":"page-builder","ast-site-content-layout":"full-width-container","site-content-style":"unboxed","site-sidebar-style":"unboxed","ast-global-header-display":"","ast-banner-title-visibility":"","ast-main-header-display":"","ast-hfb-above-header-display":"","ast-hfb-below-header-display":"","ast-hfb-mobile-header-display":"","site-post-title":"disabled","ast-breadcrumbs-content":"","ast-featured-img":"","footer-sml-layout":"","theme-transparent-header-meta":"default","adv-header-id-meta":"","stick-header-meta":"default","header-above-stick-meta":"","header-main-stick-meta":"","header-below-stick-meta":"","astra-migrate-meta-layouts":"set","ast-page-background-enabled":"default","ast-page-background-meta":{"desktop":{"background-color":"","background-image":"","background-repeat":"repeat","background-position":"center center","background-size":"auto","background-attachment":"scroll","background-type":"","background-media":"","overlay-type":"","overlay-color":"","overlay-opacity":"","overlay-gradient":""},"tablet":{"background-color":"","background-image":"","background-repeat":"repeat","background-position":"center center","background-size":"auto","background-attachment":"scroll","background-type":"","background-media":"","overlay-type":"","overlay-color":"","overlay-opacity":"","overlay-gradient":""},"mobile":{"background-color":"","background-image":"","background-repeat":"repeat","background-position":"center center","background-size":"auto","background-attachment":"scroll","background-type":"","background-media":"","overlay-type":"","overlay-color":"","overlay-opacity":"","overlay-gradient":""}},"ast-content-background-meta":{"desktop":{"background-color":"var(--ast-global-color-5)","background-image":"","background-repeat":"repeat","background-position":"center center","background-size":"auto","background-attachment":"scroll","background-type":"","background-media":"","overlay-type":"","overlay-color":"","overlay-opacity":"","overlay-gradient":""},"tablet":{"background-color":"var(--ast-global-color-5)","background-image":"","background-repeat":"repeat","background-position":"center center","background-size":"auto","background-attachment":"scroll","background-type":"","background-media":"","overlay-type":"","overlay-color":"","overlay-opacity":"","overlay-gradient":""},"mobile":{"background-color":"var(--ast-global-color-5)","background-image":"","background-repeat":"repeat","background-position":"center center","background-size":"auto","background-attachment":"scroll","background-type":"","background-media":"","overlay-type":"","overlay-color":"","overlay-opacity":"","overlay-gradient":""}},"footnotes":""},"class_list":["post-68","page","type-page","status-publish","hentry"],"_links":{"self":[{"href":"https:\/\/bienetre-heffingen.com\/fr\/wp-json\/wp\/v2\/pages\/68","targetHints":{"allow":["GET"]}}],"collection":[{"href":"https:\/\/bienetre-heffingen.com\/fr\/wp-json\/wp\/v2\/pages"}],"about":[{"href":"https:\/\/bienetre-heffingen.com\/fr\/wp-json\/wp\/v2\/types\/page"}],"author":[{"embeddable":true,"href":"https:\/\/bienetre-heffingen.com\/fr\/wp-json\/wp\/v2\/users\/1"}],"replies":[{"embeddable":true,"href":"https:\/\/bienetre-heffingen.com\/fr\/wp-json\/wp\/v2\/comments?post=68"}],"version-history":[{"count":62,"href":"https:\/\/bienetre-heffingen.com\/fr\/wp-json\/wp\/v2\/pages\/68\/revisions"}],"predecessor-version":[{"id":1617,"href":"https:\/\/bienetre-heffingen.com\/fr\/wp-json\/wp\/v2\/pages\/68\/revisions\/1617"}],"wp:attachment":[{"href":"https:\/\/bienetre-heffingen.com\/fr\/wp-json\/wp\/v2\/media?parent=68"}],"curies":[{"name":"wp","href":"https:\/\/api.w.org\/{rel}","templated":true}]}}