{"id":790,"date":"2023-03-14T14:44:46","date_gmt":"2023-03-14T13:44:46","guid":{"rendered":"http:\/\/s954576651.online.de\/?page_id=790"},"modified":"2026-04-07T16:37:57","modified_gmt":"2026-04-07T14:37:57","slug":"news","status":"publish","type":"page","link":"https:\/\/bienetre-heffingen.com\/en\/news\/","title":{"rendered":"News"},"content":{"rendered":"<h2 class=\"wp-block-heading has-x-large-font-size\">Neiegkeeten \/ Nouvelles \/ News<\/h2>\n\n\n\n<div class=\"wp-block-columns alignfull is-layout-flex wp-container-core-columns-is-layout-28f84493 wp-block-columns-is-layout-flex\">\n<div class=\"wp-block-column is-layout-flow wp-block-column-is-layout-flow\">\n<div class=\"wp-block-group is-vertical is-layout-flex wp-container-core-group-is-layout-fe9cc265 wp-block-group-is-layout-flex\">\n<figure class=\"wp-block-image size-full\"><img loading=\"lazy\" decoding=\"async\" width=\"523\" height=\"511\" src=\"https:\/\/bienetre-heffingen.com\/wp-content\/uploads\/2026\/04\/Selfdefence2026April.jpg\" alt=\"\" class=\"wp-image-1628\" srcset=\"https:\/\/bienetre-heffingen.com\/wp-content\/uploads\/2026\/04\/Selfdefence2026April.jpg 523w, https:\/\/bienetre-heffingen.com\/wp-content\/uploads\/2026\/04\/Selfdefence2026April-300x293.jpg 300w, https:\/\/bienetre-heffingen.com\/wp-content\/uploads\/2026\/04\/Selfdefence2026April-12x12.jpg 12w\" sizes=\"auto, (max-width: 523px) 100vw, 523px\" \/><\/figure>\n\n\n\n<figure class=\"wp-block-image size-large\"><img loading=\"lazy\" decoding=\"async\" width=\"1024\" height=\"929\" src=\"https:\/\/bienetre-heffingen.com\/wp-content\/uploads\/2026\/04\/Reflexologie-Danaux-1024x929.png\" alt=\"\" class=\"wp-image-1631\" srcset=\"https:\/\/bienetre-heffingen.com\/wp-content\/uploads\/2026\/04\/Reflexologie-Danaux-1024x929.png 1024w, https:\/\/bienetre-heffingen.com\/wp-content\/uploads\/2026\/04\/Reflexologie-Danaux-300x272.png 300w, https:\/\/bienetre-heffingen.com\/wp-content\/uploads\/2026\/04\/Reflexologie-Danaux-768x697.png 768w, https:\/\/bienetre-heffingen.com\/wp-content\/uploads\/2026\/04\/Reflexologie-Danaux-13x12.png 13w, https:\/\/bienetre-heffingen.com\/wp-content\/uploads\/2026\/04\/Reflexologie-Danaux.png 1280w\" sizes=\"auto, (max-width: 1024px) 100vw, 1024px\" \/><\/figure>\n\n\n\n<figure class=\"wp-block-image size-large\"><img loading=\"lazy\" decoding=\"async\" width=\"724\" height=\"1024\" src=\"https:\/\/bienetre-heffingen.com\/wp-content\/uploads\/2026\/04\/Atelier-reflexologie-details1-724x1024.png\" alt=\"\" class=\"wp-image-1633\" srcset=\"https:\/\/bienetre-heffingen.com\/wp-content\/uploads\/2026\/04\/Atelier-reflexologie-details1-724x1024.png 724w, https:\/\/bienetre-heffingen.com\/wp-content\/uploads\/2026\/04\/Atelier-reflexologie-details1-212x300.png 212w, https:\/\/bienetre-heffingen.com\/wp-content\/uploads\/2026\/04\/Atelier-reflexologie-details1-768x1086.png 768w, https:\/\/bienetre-heffingen.com\/wp-content\/uploads\/2026\/04\/Atelier-reflexologie-details1-1086x1536.png 1086w, https:\/\/bienetre-heffingen.com\/wp-content\/uploads\/2026\/04\/Atelier-reflexologie-details1-8x12.png 8w, https:\/\/bienetre-heffingen.com\/wp-content\/uploads\/2026\/04\/Atelier-reflexologie-details1.png 1191w\" sizes=\"auto, (max-width: 724px) 100vw, 724px\" \/><\/figure>\n\n\n\n<p><mark style=\"background-color:rgba(0, 0, 0, 0);color:#0693e3\" class=\"has-inline-color\"><strong>Le cours de Yoga du mercredi a \u00e9t\u00e9 annul\u00e9 et est remplac\u00e9 par un cours de Line Dance pour avanc\u00e9s.<\/strong><\/mark><strong> <mark style=\"background-color:rgba(0, 0, 0, 0);color:#0693e3\" class=\"has-inline-color\"><strong>\/ Yoga mittwochs ist abgesagt und wird durch einen Line-Dance-Kurs f\u00fcr Fortgeschrittene ersetzt.<\/strong><\/mark><br><br><\/strong><mark style=\"background-color:rgba(0, 0, 0, 0);color:#ff6900\" class=\"has-inline-color\"><strong>Sont complets: <strong>Les cours de Pilates les lundis et vendredis,<\/strong> le Bodyshape ainsi que le Jazzdance les mardis  \/ Es  <strong>sind ausgebucht: d<\/strong>ie Pilates-Kurse am Montag und Freitag, Jazzdance dienstags und der Bodyshape-Kurs.<\/strong><br><\/mark><\/p>\n\n\n\n<p><strong><mark style=\"background-color:rgba(0, 0, 0, 0);color:#00d084\" class=\"has-inline-color\">Des questions \u00e0 propos du Biodanza? \/ Fragen zu Biodanza? Melde Dich bei<\/mark> <\/strong><a href=\"mailto:info@biodanza.lu\">info@biodanza.lu<\/a><\/p>\n\n\n\n<p><\/p>\n\n\n\n<figure class=\"wp-block-image size-large\"><img loading=\"lazy\" decoding=\"async\" width=\"1024\" height=\"719\" src=\"https:\/\/bienetre-heffingen.com\/wp-content\/uploads\/2025\/03\/Flyer-Biodanza-neu-1024x719.jpg\" alt=\"\" class=\"wp-image-1483\" srcset=\"https:\/\/bienetre-heffingen.com\/wp-content\/uploads\/2025\/03\/Flyer-Biodanza-neu-1024x719.jpg 1024w, https:\/\/bienetre-heffingen.com\/wp-content\/uploads\/2025\/03\/Flyer-Biodanza-neu-300x211.jpg 300w, https:\/\/bienetre-heffingen.com\/wp-content\/uploads\/2025\/03\/Flyer-Biodanza-neu-768x540.jpg 768w, https:\/\/bienetre-heffingen.com\/wp-content\/uploads\/2025\/03\/Flyer-Biodanza-neu-1536x1079.jpg 1536w, https:\/\/bienetre-heffingen.com\/wp-content\/uploads\/2025\/03\/Flyer-Biodanza-neu-18x12.jpg 18w, https:\/\/bienetre-heffingen.com\/wp-content\/uploads\/2025\/03\/Flyer-Biodanza-neu.jpg 1594w\" sizes=\"auto, (max-width: 1024px) 100vw, 1024px\" \/><\/figure>\n\n\n\n<p><\/p>\n\n\n\n<p>Inscription \/ Einschreibung <a href=\"https:\/\/bienetre-heffingen.com\/wp-content\/uploads\/2024\/09\/Multi-Formulaire-Inscription-update1.pdf\">hier<\/a><\/p>\n<\/div>\n\n\n\n<div class=\"wp-block-group is-vertical is-layout-flex wp-container-core-group-is-layout-fe9cc265 wp-block-group-is-layout-flex\"><\/div>\n<\/div>\n\n\n\n<div class=\"wp-block-column is-layout-flow wp-block-column-is-layout-flow\">\n<p class=\"has-text-align-left\"><\/p>\n<\/div>\n<\/div>","protected":false},"excerpt":{"rendered":"<p>Neiegkeeten \/ Nouvelles \/ News Le cours de Yoga du mercredi a \u00e9t\u00e9 annul\u00e9 et est remplac\u00e9 par un cours de Line Dance pour avanc\u00e9s. \/ Yoga mittwochs ist abgesagt und wird durch einen Line-Dance-Kurs f\u00fcr Fortgeschrittene ersetzt. Sont complets: Les cours de Pilates les lundis et vendredis, le Bodyshape ainsi que le Jazzdance les [&hellip;]<\/p>\n","protected":false},"author":1,"featured_media":0,"parent":0,"menu_order":0,"comment_status":"closed","ping_status":"closed","template":"","meta":{"site-sidebar-layout":"default","site-content-layout":"","ast-site-content-layout":"default","site-content-style":"default","site-sidebar-style":"default","ast-global-header-display":"","ast-banner-title-visibility":"","ast-main-header-display":"","ast-hfb-above-header-display":"","ast-hfb-below-header-display":"","ast-hfb-mobile-header-display":"","site-post-title":"disabled","ast-breadcrumbs-content":"","ast-featured-img":"","footer-sml-layout":"","theme-transparent-header-meta":"","adv-header-id-meta":"","stick-header-meta":"","header-above-stick-meta":"","header-main-stick-meta":"","header-below-stick-meta":"","astra-migrate-meta-layouts":"set","ast-page-background-enabled":"default","ast-page-background-meta":{"desktop":{"background-color":"","background-image":"","background-repeat":"repeat","background-position":"center center","background-size":"auto","background-attachment":"scroll","background-type":"","background-media":"","overlay-type":"","overlay-color":"","overlay-opacity":"","overlay-gradient":""},"tablet":{"background-color":"","background-image":"","background-repeat":"repeat","background-position":"center center","background-size":"auto","background-attachment":"scroll","background-type":"","background-media":"","overlay-type":"","overlay-color":"","overlay-opacity":"","overlay-gradient":""},"mobile":{"background-color":"","background-image":"","background-repeat":"repeat","background-position":"center center","background-size":"auto","background-attachment":"scroll","background-type":"","background-media":"","overlay-type":"","overlay-color":"","overlay-opacity":"","overlay-gradient":""}},"ast-content-background-meta":{"desktop":{"background-color":"var(--ast-global-color-5)","background-image":"","background-repeat":"repeat","background-position":"center center","background-size":"auto","background-attachment":"scroll","background-type":"","background-media":"","overlay-type":"","overlay-color":"","overlay-opacity":"","overlay-gradient":""},"tablet":{"background-color":"var(--ast-global-color-5)","background-image":"","background-repeat":"repeat","background-position":"center center","background-size":"auto","background-attachment":"scroll","background-type":"","background-media":"","overlay-type":"","overlay-color":"","overlay-opacity":"","overlay-gradient":""},"mobile":{"background-color":"var(--ast-global-color-5)","background-image":"","background-repeat":"repeat","background-position":"center center","background-size":"auto","background-attachment":"scroll","background-type":"","background-media":"","overlay-type":"","overlay-color":"","overlay-opacity":"","overlay-gradient":""}},"footnotes":""},"class_list":["post-790","page","type-page","status-publish","hentry"],"_links":{"self":[{"href":"https:\/\/bienetre-heffingen.com\/en\/wp-json\/wp\/v2\/pages\/790","targetHints":{"allow":["GET"]}}],"collection":[{"href":"https:\/\/bienetre-heffingen.com\/en\/wp-json\/wp\/v2\/pages"}],"about":[{"href":"https:\/\/bienetre-heffingen.com\/en\/wp-json\/wp\/v2\/types\/page"}],"author":[{"embeddable":true,"href":"https:\/\/bienetre-heffingen.com\/en\/wp-json\/wp\/v2\/users\/1"}],"replies":[{"embeddable":true,"href":"https:\/\/bienetre-heffingen.com\/en\/wp-json\/wp\/v2\/comments?post=790"}],"version-history":[{"count":89,"href":"https:\/\/bienetre-heffingen.com\/en\/wp-json\/wp\/v2\/pages\/790\/revisions"}],"predecessor-version":[{"id":1635,"href":"https:\/\/bienetre-heffingen.com\/en\/wp-json\/wp\/v2\/pages\/790\/revisions\/1635"}],"wp:attachment":[{"href":"https:\/\/bienetre-heffingen.com\/en\/wp-json\/wp\/v2\/media?parent=790"}],"curies":[{"name":"wp","href":"https:\/\/api.w.org\/{rel}","templated":true}]}}