{"id":496,"date":"2022-02-23T20:04:00","date_gmt":"2022-02-23T20:04:00","guid":{"rendered":"https:\/\/bienetre-heffingen.com\/?page_id=496"},"modified":"2024-02-29T12:30:20","modified_gmt":"2024-02-29T11:30:20","slug":"datenschutzerklarung","status":"publish","type":"page","link":"https:\/\/bienetre-heffingen.com\/en\/datenschutzerklarung\/","title":{"rendered":"Data protection"},"content":{"rendered":"<div class=\"wp-block-group is-content-justification-left is-layout-constrained wp-container-core-group-is-layout-1f4bebfd wp-block-group-is-layout-constrained\" style=\"padding-right:5rem;padding-left:5rem\"><div class=\"wp-block-group__inner-container\">\n<h4 class=\"wp-block-heading\">Protection des donn\u00e9es \/ Datenschutz<\/h4>\n\n\n\n<p> Le responsable du traitement au sens des lois sur la protection des donn\u00e9es, en particulier le<br> r\u00e8glement g\u00e9n\u00e9ral sur la protection des donn\u00e9es (UE) 2016\/679 (RGPD), est : <\/p>\n\n\n\n<p><strong>Sant\u00e9 &amp; Bien-\u00catre Hiefenech asbl (SBE)<\/strong><br> Benzelsgaass 12<br> 7651 Heffingen<br> Luxembourg<br> +352 661 214 784<br> sbehiefenech@gmail.com <\/p>\n\n\n\n<p><strong>D\u00e9claration de protection des donn\u00e9es \/ Datenschutzerkl\u00e4rung<\/strong><\/p>\n\n\n\n<p>Par la pr\u00e9sente, nous vous informons de l&#8217;utilisation de cookies sur notre site web et du<br> traitement des donn\u00e9es personnelles qui nous sont envoy\u00e9es via le formulaire web (bouton<br> Contact) ou par e-mail.<br> Un cookie est un petit \u00e9l\u00e9ment de donn\u00e9es qu&#8217;un serveur envoie au navigateur web de<br> l&#8217;utilisateur. Ce processus a lieu pendant que l&#8217;utilisateur utilise le navigateur web.<br> Sur notre site web SBE, nous n&#8217;utilisons que des cookies de session qui stockent<br> temporairement des donn\u00e9es sur le navigateur des utilisateurs. Les donn\u00e9es stock\u00e9es sont<br> utilis\u00e9es pour am\u00e9liorer l&#8217;exp\u00e9rience des utilisateurs lorsqu&#8217;ils sont sur le site. Ils sont appel\u00e9s<br> cookies temporaires car les informations du cookie sont automatiquement supprim\u00e9es d\u00e8s que<br> (ou quelques secondes apr\u00e8s) l&#8217;utilisateur quitte son navigateur.<br> Nous partageons \u00e9galement des informations via les m\u00e9dias sociaux Facebook et Instagram,<br> mais il n&#8217;y a pas de bouton sur notre site web qui m\u00e8ne directement \u00e0 ces m\u00e9dias sociaux. Si<br> vous y consultez sbehiefenech, vous pouvez lire la d\u00e9claration de confidentialit\u00e9 de ces<br> r\u00e9seaux sociaux pour comprendre ce qu&#8217;ils font de vos donn\u00e9es personnelles et autres qu&#8217;ils<br> traitent.<br> Lorsque vous visitez notre site web pour la premi\u00e8re fois, nous vous montrons une pop-up<br> avec une explication sur les cookies. D\u00e8s que vous cliquez sur &#8220;ok&#8221;, vous consentez \u00e0 ce que<br> nous utilisions les 2 cookies mentionn\u00e9s ci-dessus. Vous pouvez d\u00e9sactiver l&#8217;utilisation de<br> cookies via votre navigateur, mais veuillez noter que vous devez choisir la version<br> linguistique souhait\u00e9e de notre site web en cliquant sur le drapeau correspondant.<br> Les donn\u00e9es personnelles que vous nous transmettez lorsque vous nous contactez via le<br> formulaire de contact (votre nom, votre adresse e-mail, votre num\u00e9ro de t\u00e9l\u00e9phone et toute<br> information que vous partagerez avec nous) sont uniquement utilis\u00e9es pour les besoins de<br> Sant\u00e9 &amp; Bien-\u00catre Hiefenech asbl et ne seront en aucun cas divulgu\u00e9es ou partag\u00e9es avec des<br> tiers. Le num\u00e9ro de t\u00e9l\u00e9phone est demand\u00e9 car une r\u00e9action personnelle par t\u00e9l\u00e9phone peut<br> \u00eatre plus appropri\u00e9e pour certaines questions. Selon la nature de la question\/information que vous envoyez via le formulaire de contact ou<br> via votre adresse e-mail \u00e0 notre adresse e-mail, nous pouvons partager ces informations avec<br> nos partenaires qui offrent des formations, des cours, des ateliers, etc. et qui ont un lien<br> contractuel avec SBE Hiefenech (&#8220;destinataires&#8221;).<br> Comme vous avez manifest\u00e9 votre int\u00e9r\u00eat pour nos activit\u00e9s, ces donn\u00e9es peuvent \u00eatre<br> utilis\u00e9es par SBE pour vous informer des activit\u00e9s en cours et futures et sont conserv\u00e9es tant<br> que vous ne demandez pas leur suppression par simple courriel \u00e0 sbehiefenech@gmail.com.<br> Afin de prot\u00e9ger la s\u00e9curit\u00e9 des donn\u00e9es lors de leur transmission, nous utilisons les m\u00e9thodes<br> de cryptage les plus modernes (par exemple SSL) via HTTPS.<br> Voici un aper\u00e7u de vos droits en ce qui concerne vos donn\u00e9es personnelles :<br> &#8211; Droit de savoir pourquoi vos donn\u00e9es personnelles sont n\u00e9cessaires, ce qu&#8217;il en adviendra et<br> combien de temps elles seront conserv\u00e9es.<br> &#8211; Droit d&#8217;acc\u00e8s : Vous avez le droit d&#8217;acc\u00e9der \u00e0 vos donn\u00e9es personnelles qui sont connues de<br> nous.<br> &#8211; Droit de rectification : vous avez le droit de compl\u00e9ter, corriger, faire supprimer ou bloquer<br> vos donn\u00e9es personnelles quand vous le souhaitez.<br> &#8211; Droit de r\u00e9voquer votre consentement : Si vous nous donnez votre consentement pour traiter<br> vos donn\u00e9es, vous avez le droit de r\u00e9voquer ce consentement et de faire supprimer vos<br> donn\u00e9es personnelles.<br> &#8211; Droit de transf\u00e9rer vos donn\u00e9es : vous avez le droit de demander toutes vos donn\u00e9es<br> personnelles au responsable du traitement et de les transf\u00e9rer dans leur int\u00e9gralit\u00e9 \u00e0 un autre<br> responsable du traitement.<br> &#8211; Droit d&#8217;opposition : vous pouvez vous opposer au traitement de vos donn\u00e9es. Nous nous y<br> conformons, sauf s&#8217;il existe des motifs justifi\u00e9s pour le traitement.<br> Pour exercer ces droits, veuillez nous contacter. Veuillez vous r\u00e9f\u00e9rer aux coordonn\u00e9es ci-<br> dessus. Si vous avez une plainte concernant la fa\u00e7on dont nous traitons vos donn\u00e9es, nous<br> aimerions que vous nous en fassiez part, mais vous avez \u00e9galement le droit de soumettre une<br> plainte \u00e0 l&#8217;autorit\u00e9 de contr\u00f4le (l&#8217;autorit\u00e9 de protection des donn\u00e9es).<\/p>\n<\/div><\/div>","protected":false},"excerpt":{"rendered":"<p>Protection des donn\u00e9es \/ Datenschutz Le responsable du traitement au sens des lois sur la protection des donn\u00e9es, en particulier le r\u00e8glement g\u00e9n\u00e9ral sur la protection des donn\u00e9es (UE) 2016\/679 (RGPD), est : Sant\u00e9 &amp; Bien-\u00catre Hiefenech asbl (SBE) Benzelsgaass 12 7651 Heffingen Luxembourg +352 661 214 784 sbehiefenech@gmail.com D\u00e9claration de protection des donn\u00e9es \/ [&hellip;]<\/p>\n","protected":false},"author":1,"featured_media":0,"parent":0,"menu_order":0,"comment_status":"closed","ping_status":"closed","template":"","meta":{"site-sidebar-layout":"no-sidebar","site-content-layout":"page-builder","ast-site-content-layout":"full-width-container","site-content-style":"unboxed","site-sidebar-style":"unboxed","ast-global-header-display":"","ast-banner-title-visibility":"","ast-main-header-display":"","ast-hfb-above-header-display":"","ast-hfb-below-header-display":"","ast-hfb-mobile-header-display":"","site-post-title":"disabled","ast-breadcrumbs-content":"","ast-featured-img":"","footer-sml-layout":"","theme-transparent-header-meta":"default","adv-header-id-meta":"","stick-header-meta":"default","header-above-stick-meta":"","header-main-stick-meta":"","header-below-stick-meta":"","astra-migrate-meta-layouts":"set","ast-page-background-enabled":"default","ast-page-background-meta":{"desktop":{"background-color":"","background-image":"","background-repeat":"repeat","background-position":"center center","background-size":"auto","background-attachment":"scroll","background-type":"","background-media":"","overlay-type":"","overlay-color":"","overlay-opacity":"","overlay-gradient":""},"tablet":{"background-color":"","background-image":"","background-repeat":"repeat","background-position":"center center","background-size":"auto","background-attachment":"scroll","background-type":"","background-media":"","overlay-type":"","overlay-color":"","overlay-opacity":"","overlay-gradient":""},"mobile":{"background-color":"","background-image":"","background-repeat":"repeat","background-position":"center center","background-size":"auto","background-attachment":"scroll","background-type":"","background-media":"","overlay-type":"","overlay-color":"","overlay-opacity":"","overlay-gradient":""}},"ast-content-background-meta":{"desktop":{"background-color":"var(--ast-global-color-5)","background-image":"","background-repeat":"repeat","background-position":"center center","background-size":"auto","background-attachment":"scroll","background-type":"","background-media":"","overlay-type":"","overlay-color":"","overlay-opacity":"","overlay-gradient":""},"tablet":{"background-color":"var(--ast-global-color-5)","background-image":"","background-repeat":"repeat","background-position":"center center","background-size":"auto","background-attachment":"scroll","background-type":"","background-media":"","overlay-type":"","overlay-color":"","overlay-opacity":"","overlay-gradient":""},"mobile":{"background-color":"var(--ast-global-color-5)","background-image":"","background-repeat":"repeat","background-position":"center center","background-size":"auto","background-attachment":"scroll","background-type":"","background-media":"","overlay-type":"","overlay-color":"","overlay-opacity":"","overlay-gradient":""}},"footnotes":""},"class_list":["post-496","page","type-page","status-publish","hentry"],"_links":{"self":[{"href":"https:\/\/bienetre-heffingen.com\/en\/wp-json\/wp\/v2\/pages\/496","targetHints":{"allow":["GET"]}}],"collection":[{"href":"https:\/\/bienetre-heffingen.com\/en\/wp-json\/wp\/v2\/pages"}],"about":[{"href":"https:\/\/bienetre-heffingen.com\/en\/wp-json\/wp\/v2\/types\/page"}],"author":[{"embeddable":true,"href":"https:\/\/bienetre-heffingen.com\/en\/wp-json\/wp\/v2\/users\/1"}],"replies":[{"embeddable":true,"href":"https:\/\/bienetre-heffingen.com\/en\/wp-json\/wp\/v2\/comments?post=496"}],"version-history":[{"count":5,"href":"https:\/\/bienetre-heffingen.com\/en\/wp-json\/wp\/v2\/pages\/496\/revisions"}],"predecessor-version":[{"id":1068,"href":"https:\/\/bienetre-heffingen.com\/en\/wp-json\/wp\/v2\/pages\/496\/revisions\/1068"}],"wp:attachment":[{"href":"https:\/\/bienetre-heffingen.com\/en\/wp-json\/wp\/v2\/media?parent=496"}],"curies":[{"name":"wp","href":"https:\/\/api.w.org\/{rel}","templated":true}]}}