{"id":84,"date":"2021-05-23T20:15:00","date_gmt":"2021-05-23T18:15:00","guid":{"rendered":"https:\/\/bienetre-heffingen.com\/?page_id=84"},"modified":"2025-12-31T14:01:39","modified_gmt":"2025-12-31T13:01:39","slug":"projects","status":"publish","type":"page","link":"https:\/\/bienetre-heffingen.com\/de\/projects\/","title":{"rendered":"Kurse \/ Cours &amp; Veranstaltungen \/ Ev\u00e8nements &#8211; mehr unter\/ encore plus sous: NEWS"},"content":{"rendered":"<ul class=\"wp-block-list\">\n<li><strong>Neuer Kurs ab 7. Januar 2026: <a href=\"https:\/\/bienetre-heffingen.com\/wp-content\/uploads\/2025\/12\/Ganzheitliches-Gedachtnistraining-Kurs2026.pdf\">Ged\u00e4chtnistraining<\/a><\/strong><br><\/li>\n\n\n\n<li><strong>Nouvelle Conf\u00e9rence: 10 janvier 2026, 10-12 h &#8211; <a href=\"https:\/\/bienetre-heffingen.com\/wp-content\/uploads\/2025\/12\/Sens-et-symbolique-des-maux-Kursbeschreibung.pdf\">Sens et symbolique des maux <\/a><\/strong><br><\/li>\n\n\n\n<li><strong><mark style=\"background-color:rgba(0, 0, 0, 0)\" class=\"has-inline-color has-ast-global-color-0-color\"><a href=\"https:\/\/bienetre-heffingen.com\/wp-content\/uploads\/2025\/07\/Multi-Formulaire-Inscription-2025-2026.pdf\">Inscription cours de sports et de dance (programme voir plus bas) \/ Einschreibung Sport- und Tanzkurse<\/a><\/mark><\/strong> (Programm weiter unten)<br><\/li>\n\n\n\n<li><mark style=\"background-color:rgba(0, 0, 0, 0);color:#0693e3\" class=\"has-inline-color\"><strong>Le cours de Yoga du mercredi a \u00e9t\u00e9 annul\u00e9 et est remplac\u00e9 par un cours de Line Dance pour avanc\u00e9s.\/Yoga mittwochs ist abgesagt und wird durch einen Line-Dance-Kurs f\u00fcr Fortgeschrittene ersetzt.<\/strong><\/mark><br><\/li>\n\n\n\n<li><strong><mark style=\"background-color:rgba(0, 0, 0, 0);color:#cf2e2e\" class=\"has-inline-color\">Les cours de Pilates les lundis et vendredis sont complets. \/ Die Pilates-Kurse montags und freitags sind ausgebucht.<\/mark><\/strong><br><\/li>\n\n\n\n<li><strong><mark style=\"background-color:rgba(0, 0, 0, 0);color:#cf2e2e\" class=\"has-inline-color\">Le cours de Jazzdance les mardis est complet. \/ Der Jazzdance-Kurs dienstags ist ausgebucht.<\/mark><\/strong><br><\/li>\n\n\n\n<li><strong><mark style=\"background-color:rgba(0, 0, 0, 0);color:#cf2e2e\" class=\"has-inline-color\">Le cours de Bodyshape est complet. \/ Der Bodyshape-Kurs ist ausgebucht.<\/mark><\/strong><br><\/li>\n\n\n\n<li><mark style=\"background-color:rgba(0, 0, 0, 0);color:#7bdcb5\" class=\"has-inline-color\"><strong><a href=\"https:\/\/bienetre-heffingen.com\/wp-content\/uploads\/2025\/10\/FlyerSaision2025-2026.jpg\">Les ateliers Biodanza reprendront le mardi 7 octobre 2025 \/ Die Biodanza-Workshops starten wieder am Dienstag, 7. Oktober 2025<\/a><\/strong><\/mark><br><\/li>\n\n\n\n<li>Plus d&#8217;infos sous <a href=\"https:\/\/bienetre-heffingen.com\/de\/news\/\">NEWS <\/a>\/ Weitere Infos unter <a href=\"https:\/\/bienetre-heffingen.com\/de\/news\/\">NEWS <\/a>\/ For further information see <a href=\"https:\/\/bienetre-heffingen.com\/de\/news\/\">NEWS<\/a><br><\/li>\n\n\n\n<li><a href=\"https:\/\/bienetre-heffingen.com\/wp-content\/uploads\/2025\/08\/SBE_Flyer-2025-Webfassung.pdf\">Programme Saison 2025\/2026<\/a> (pdf)<\/li>\n<\/ul>\n\n\n\n<figure class=\"wp-block-image size-large\"><img loading=\"lazy\" decoding=\"async\" width=\"724\" height=\"1024\" src=\"https:\/\/bienetre-heffingen.com\/wp-content\/uploads\/2025\/08\/SBE_Flyer-2025-Titel-724x1024.png\" alt=\"\" class=\"wp-image-1530\" srcset=\"https:\/\/bienetre-heffingen.com\/wp-content\/uploads\/2025\/08\/SBE_Flyer-2025-Titel-724x1024.png 724w, https:\/\/bienetre-heffingen.com\/wp-content\/uploads\/2025\/08\/SBE_Flyer-2025-Titel-212x300.png 212w, https:\/\/bienetre-heffingen.com\/wp-content\/uploads\/2025\/08\/SBE_Flyer-2025-Titel-768x1086.png 768w, https:\/\/bienetre-heffingen.com\/wp-content\/uploads\/2025\/08\/SBE_Flyer-2025-Titel-1086x1536.png 1086w, https:\/\/bienetre-heffingen.com\/wp-content\/uploads\/2025\/08\/SBE_Flyer-2025-Titel-1448x2048.png 1448w, https:\/\/bienetre-heffingen.com\/wp-content\/uploads\/2025\/08\/SBE_Flyer-2025-Titel-8x12.png 8w, https:\/\/bienetre-heffingen.com\/wp-content\/uploads\/2025\/08\/SBE_Flyer-2025-Titel.png 1754w\" sizes=\"auto, (max-width: 724px) 100vw, 724px\" \/><\/figure>\n\n\n\n<figure class=\"wp-block-image size-large\"><img loading=\"lazy\" decoding=\"async\" width=\"724\" height=\"1024\" src=\"https:\/\/bienetre-heffingen.com\/wp-content\/uploads\/2025\/08\/SBE_Flyer-2025-Rueckseite-724x1024.png\" alt=\"\" class=\"wp-image-1529\" srcset=\"https:\/\/bienetre-heffingen.com\/wp-content\/uploads\/2025\/08\/SBE_Flyer-2025-Rueckseite-724x1024.png 724w, https:\/\/bienetre-heffingen.com\/wp-content\/uploads\/2025\/08\/SBE_Flyer-2025-Rueckseite-212x300.png 212w, https:\/\/bienetre-heffingen.com\/wp-content\/uploads\/2025\/08\/SBE_Flyer-2025-Rueckseite-768x1086.png 768w, https:\/\/bienetre-heffingen.com\/wp-content\/uploads\/2025\/08\/SBE_Flyer-2025-Rueckseite-1086x1536.png 1086w, https:\/\/bienetre-heffingen.com\/wp-content\/uploads\/2025\/08\/SBE_Flyer-2025-Rueckseite-1448x2048.png 1448w, https:\/\/bienetre-heffingen.com\/wp-content\/uploads\/2025\/08\/SBE_Flyer-2025-Rueckseite-8x12.png 8w, https:\/\/bienetre-heffingen.com\/wp-content\/uploads\/2025\/08\/SBE_Flyer-2025-Rueckseite.png 1754w\" sizes=\"auto, (max-width: 724px) 100vw, 724px\" \/><\/figure>\n\n\n\n<figure class=\"wp-block-image size-large\"><img loading=\"lazy\" decoding=\"async\" width=\"1024\" height=\"724\" src=\"https:\/\/bienetre-heffingen.com\/wp-content\/uploads\/2025\/08\/SBE_Flyer-2025-Innen-1024x724.png\" alt=\"\" class=\"wp-image-1531\" srcset=\"https:\/\/bienetre-heffingen.com\/wp-content\/uploads\/2025\/08\/SBE_Flyer-2025-Innen-1024x724.png 1024w, https:\/\/bienetre-heffingen.com\/wp-content\/uploads\/2025\/08\/SBE_Flyer-2025-Innen-300x212.png 300w, https:\/\/bienetre-heffingen.com\/wp-content\/uploads\/2025\/08\/SBE_Flyer-2025-Innen-768x543.png 768w, https:\/\/bienetre-heffingen.com\/wp-content\/uploads\/2025\/08\/SBE_Flyer-2025-Innen-1536x1086.png 1536w, https:\/\/bienetre-heffingen.com\/wp-content\/uploads\/2025\/08\/SBE_Flyer-2025-Innen-2048x1448.png 2048w, https:\/\/bienetre-heffingen.com\/wp-content\/uploads\/2025\/08\/SBE_Flyer-2025-Innen-18x12.png 18w\" sizes=\"auto, (max-width: 1024px) 100vw, 1024px\" \/><\/figure>","protected":false},"excerpt":{"rendered":"","protected":false},"author":1,"featured_media":0,"parent":0,"menu_order":0,"comment_status":"closed","ping_status":"closed","template":"","meta":{"site-sidebar-layout":"no-sidebar","site-content-layout":"plain-container","ast-site-content-layout":"normal-width-container","site-content-style":"unboxed","site-sidebar-style":"unboxed","ast-global-header-display":"","ast-banner-title-visibility":"","ast-main-header-display":"","ast-hfb-above-header-display":"","ast-hfb-below-header-display":"","ast-hfb-mobile-header-display":"","site-post-title":"disabled","ast-breadcrumbs-content":"","ast-featured-img":"","footer-sml-layout":"","theme-transparent-header-meta":"default","adv-header-id-meta":"","stick-header-meta":"default","header-above-stick-meta":"","header-main-stick-meta":"","header-below-stick-meta":"","astra-migrate-meta-layouts":"set","ast-page-background-enabled":"default","ast-page-background-meta":{"desktop":{"background-color":"","background-image":"","background-repeat":"repeat","background-position":"center center","background-size":"auto","background-attachment":"scroll","background-type":"","background-media":"","overlay-type":"","overlay-color":"","overlay-opacity":"","overlay-gradient":""},"tablet":{"background-color":"","background-image":"","background-repeat":"repeat","background-position":"center center","background-size":"auto","background-attachment":"scroll","background-type":"","background-media":"","overlay-type":"","overlay-color":"","overlay-opacity":"","overlay-gradient":""},"mobile":{"background-color":"","background-image":"","background-repeat":"repeat","background-position":"center center","background-size":"auto","background-attachment":"scroll","background-type":"","background-media":"","overlay-type":"","overlay-color":"","overlay-opacity":"","overlay-gradient":""}},"ast-content-background-meta":{"desktop":{"background-color":"var(--ast-global-color-5)","background-image":"","background-repeat":"repeat","background-position":"center center","background-size":"auto","background-attachment":"scroll","background-type":"","background-media":"","overlay-type":"","overlay-color":"","overlay-opacity":"","overlay-gradient":""},"tablet":{"background-color":"var(--ast-global-color-5)","background-image":"","background-repeat":"repeat","background-position":"center center","background-size":"auto","background-attachment":"scroll","background-type":"","background-media":"","overlay-type":"","overlay-color":"","overlay-opacity":"","overlay-gradient":""},"mobile":{"background-color":"var(--ast-global-color-5)","background-image":"","background-repeat":"repeat","background-position":"center center","background-size":"auto","background-attachment":"scroll","background-type":"","background-media":"","overlay-type":"","overlay-color":"","overlay-opacity":"","overlay-gradient":""}},"footnotes":""},"class_list":["post-84","page","type-page","status-publish","hentry"],"_links":{"self":[{"href":"https:\/\/bienetre-heffingen.com\/de\/wp-json\/wp\/v2\/pages\/84","targetHints":{"allow":["GET"]}}],"collection":[{"href":"https:\/\/bienetre-heffingen.com\/de\/wp-json\/wp\/v2\/pages"}],"about":[{"href":"https:\/\/bienetre-heffingen.com\/de\/wp-json\/wp\/v2\/types\/page"}],"author":[{"embeddable":true,"href":"https:\/\/bienetre-heffingen.com\/de\/wp-json\/wp\/v2\/users\/1"}],"replies":[{"embeddable":true,"href":"https:\/\/bienetre-heffingen.com\/de\/wp-json\/wp\/v2\/comments?post=84"}],"version-history":[{"count":121,"href":"https:\/\/bienetre-heffingen.com\/de\/wp-json\/wp\/v2\/pages\/84\/revisions"}],"predecessor-version":[{"id":1601,"href":"https:\/\/bienetre-heffingen.com\/de\/wp-json\/wp\/v2\/pages\/84\/revisions\/1601"}],"wp:attachment":[{"href":"https:\/\/bienetre-heffingen.com\/de\/wp-json\/wp\/v2\/media?parent=84"}],"curies":[{"name":"wp","href":"https:\/\/api.w.org\/{rel}","templated":true}]}}