{"id":192,"date":"2021-07-10T13:28:02","date_gmt":"2021-07-10T12:28:02","guid":{"rendered":"https:\/\/bienetre-heffingen.com\/?page_id=192"},"modified":"2025-12-31T14:15:32","modified_gmt":"2025-12-31T13:15:32","slug":"maach-mat","status":"publish","type":"page","link":"https:\/\/bienetre-heffingen.com\/de\/maach-mat\/","title":{"rendered":"Mitglied werden"},"content":{"rendered":"<h4 class=\"wp-block-heading\" style=\"text-transform:none\"><a href=\"https:\/\/bienetre-heffingen.com\/de\/downloads\/\">Mitglied werden<\/a><\/h4>\n\n\n\n<p class=\"has-text-align-center has-text-color has-link-color wp-elements-f2db3fd3621a7888662b830c61de29c6\" style=\"color:#b7c500\">UPDATE 31\/12\/2025<\/p>\n\n\n\n<p>Unser Angebot richtet sich an jede und jeden, ob Mitglieder oder nicht.<br> Wer Mitglied werden will, zahlt einen j\u00e4hrlichen Mitgliedsbeitrag (September-September).<br> - Individuelle Mitgliedschaft: 50 EUR<br> - Familienmitgliedskarte \"alleinerziehend\": 50 EUR<br> - Familienmitgliedskarte<strong>(f\u00fcr <\/strong><strong>einem Haushalt zugeh\u00f6rige Personen; Kinder, die noch schulpflichtig sind oder studieren und an einer anderen Adresse wohnen, sind inbegriffen<\/strong>): 75 EUR<\/p>\n\n\n\n<p>Vorteil der Mitgliedschaft ist ein Preisnachlass f\u00fcr die Teilnahme an verschiedenen Kursen und Workshops, reduzierter oder Gratis-Eintritt f\u00fcr Vortr\u00e4ge und die Teilnahme an f\u00fcr Mitglieder reservierten Veranstaltungen.<\/p>\n\n\n\n<p>Au\u00dferdem sind Mitglieder auch von der SBE-Versicherung abgedeckt, andere Teilnehmer nicht. Die Verantwortung von SBE tritt mit Betreten des Kursraums ein.<\/p>\n\n\n\n<p>1. Abo: voller Preis<\/p>\n\n\n\n<p>2. Abo\/Person: Rabatt von 50 EUR\/Trimester<\/p>\n\n\n\n<p class=\"translation-block\"><mark class=\"has-inline-color has-ast-global-color-0-color\"><strong>NEU!<\/strong><\/mark> 3. Abo\/Person: gratis<\/p>\n\n\n\n<p>Wer unsere Arbeit unterst\u00fctzen m\u00f6chte, kann eine <strong>F\u00f6rdermitgliedskarte <\/strong>zum Preis von 10 EUR erwerben (\u00dcberweisung oder in bar an ein Vorstandsmitglied)<\/p>\n\n\n\n<p>BCEE:&nbsp; IBAN LU59 0019 6055 6681 5000&nbsp;&nbsp;&nbsp;&nbsp;&nbsp; BIC: BCEELULL <br><strong>SANTE ET BIEN-ETRE HIEFENECH ASBL<\/strong><\/p>\n\n\n\n<p>Payconiq: <img loading=\"lazy\" decoding=\"async\" width=\"150\" height=\"150\" class=\"wp-image-1606\" style=\"width: 150px;\" src=\"https:\/\/bienetre-heffingen.com\/wp-content\/uploads\/2025\/12\/QR-membrehonoraire.png\" alt=\"\" srcset=\"https:\/\/bienetre-heffingen.com\/wp-content\/uploads\/2025\/12\/QR-membrehonoraire.png 250w, https:\/\/bienetre-heffingen.com\/wp-content\/uploads\/2025\/12\/QR-membrehonoraire-150x150.png 150w, https:\/\/bienetre-heffingen.com\/wp-content\/uploads\/2025\/12\/QR-membrehonoraire-12x12.png 12w\" sizes=\"auto, (max-width: 150px) 100vw, 150px\" \/> <a href=\"https:\/\/payconiq.com\/t\/1\/68df9a9b3f1f491b26c2add6?A=1000&amp;R=SBE%20Hiefenech%20asbl&amp;D=F%C3%B6rdermitglied%2Fmembre%20honoraire\">https:\/\/payconiq.com\/t\/1\/68df9a9b3f1f491b26c2add6?A=1000&amp;R=SBE%20Hiefenech%20asbl&amp;D=F%C3%B6rdermitglied%2Fmembre%20honoraire<\/a> <a role=\"button\" href=\"https:\/\/bienetre-heffingen.com\/wp-content\/uploads\/2023\/08\/Einschreibung-Multi-Mitgliedschaft.pdf\" target=\"_blank\" rel=\"noopener\"><\/a><a role=\"button\" href=\"https:\/\/bienetre-heffingen.com\/de\/contact-us\/\" target=\"_self\" rel=\"noopener\"><\/a><\/p>\n\n\n\n<div class=\"wp-block-buttons is-content-justification-center is-layout-flex wp-container-core-buttons-is-layout-48d0e691 wp-block-buttons-is-layout-flex\" style=\"margin-top:var(--wp--preset--spacing--60);margin-bottom:var(--wp--preset--spacing--60)\">\n<div class=\"wp-block-button is-style-outline is-style-outline--1\"><a class=\"wp-block-button__link wp-element-button\" href=\"https:\/\/bienetre-heffingen.com\/de\/downloads\/\" style=\"border-radius:8px\"> Ich will Mitglied werden<\/a><\/div>\n<\/div>\n\n\n\n<p><\/p>","protected":false},"excerpt":{"rendered":"<p>Member ginn UPDATE 31\/12\/2025 D&#8217;Offer vun SBE ass fir jiddereen, ob Member oder net. Wien well Member ginn, bezuelt eng Cotisatioun pro Joer (September-September): &#8211; Individuell Memberskaart: 50 EUR &#8211; Familjememberskaart &#8220;Monoparental&#8221;: 50 EUR &#8211; Familjememberskaart (fir Leit, d\u00e9i am selwe Stot wunnen; Kanner, d\u00e9i nach Studenten sinn an un enger anerer Adress wunnen, sinn [&hellip;]<\/p>\n","protected":false},"author":1,"featured_media":0,"parent":0,"menu_order":0,"comment_status":"closed","ping_status":"closed","template":"","meta":{"site-sidebar-layout":"no-sidebar","site-content-layout":"plain-container","ast-site-content-layout":"normal-width-container","site-content-style":"unboxed","site-sidebar-style":"unboxed","ast-global-header-display":"","ast-banner-title-visibility":"","ast-main-header-display":"","ast-hfb-above-header-display":"","ast-hfb-below-header-display":"","ast-hfb-mobile-header-display":"","site-post-title":"disabled","ast-breadcrumbs-content":"","ast-featured-img":"","footer-sml-layout":"","theme-transparent-header-meta":"default","adv-header-id-meta":"","stick-header-meta":"default","header-above-stick-meta":"","header-main-stick-meta":"","header-below-stick-meta":"","astra-migrate-meta-layouts":"set","ast-page-background-enabled":"default","ast-page-background-meta":{"desktop":{"background-color":"","background-image":"","background-repeat":"repeat","background-position":"center center","background-size":"auto","background-attachment":"scroll","background-type":"","background-media":"","overlay-type":"","overlay-color":"","overlay-opacity":"","overlay-gradient":""},"tablet":{"background-color":"","background-image":"","background-repeat":"repeat","background-position":"center center","background-size":"auto","background-attachment":"scroll","background-type":"","background-media":"","overlay-type":"","overlay-color":"","overlay-opacity":"","overlay-gradient":""},"mobile":{"background-color":"","background-image":"","background-repeat":"repeat","background-position":"center center","background-size":"auto","background-attachment":"scroll","background-type":"","background-media":"","overlay-type":"","overlay-color":"","overlay-opacity":"","overlay-gradient":""}},"ast-content-background-meta":{"desktop":{"background-color":"var(--ast-global-color-5)","background-image":"","background-repeat":"repeat","background-position":"center center","background-size":"auto","background-attachment":"scroll","background-type":"","background-media":"","overlay-type":"","overlay-color":"","overlay-opacity":"","overlay-gradient":""},"tablet":{"background-color":"var(--ast-global-color-5)","background-image":"","background-repeat":"repeat","background-position":"center center","background-size":"auto","background-attachment":"scroll","background-type":"","background-media":"","overlay-type":"","overlay-color":"","overlay-opacity":"","overlay-gradient":""},"mobile":{"background-color":"var(--ast-global-color-5)","background-image":"","background-repeat":"repeat","background-position":"center center","background-size":"auto","background-attachment":"scroll","background-type":"","background-media":"","overlay-type":"","overlay-color":"","overlay-opacity":"","overlay-gradient":""}},"footnotes":""},"class_list":["post-192","page","type-page","status-publish","hentry"],"_links":{"self":[{"href":"https:\/\/bienetre-heffingen.com\/de\/wp-json\/wp\/v2\/pages\/192","targetHints":{"allow":["GET"]}}],"collection":[{"href":"https:\/\/bienetre-heffingen.com\/de\/wp-json\/wp\/v2\/pages"}],"about":[{"href":"https:\/\/bienetre-heffingen.com\/de\/wp-json\/wp\/v2\/types\/page"}],"author":[{"embeddable":true,"href":"https:\/\/bienetre-heffingen.com\/de\/wp-json\/wp\/v2\/users\/1"}],"replies":[{"embeddable":true,"href":"https:\/\/bienetre-heffingen.com\/de\/wp-json\/wp\/v2\/comments?post=192"}],"version-history":[{"count":57,"href":"https:\/\/bienetre-heffingen.com\/de\/wp-json\/wp\/v2\/pages\/192\/revisions"}],"predecessor-version":[{"id":1608,"href":"https:\/\/bienetre-heffingen.com\/de\/wp-json\/wp\/v2\/pages\/192\/revisions\/1608"}],"wp:attachment":[{"href":"https:\/\/bienetre-heffingen.com\/de\/wp-json\/wp\/v2\/media?parent=192"}],"curies":[{"name":"wp","href":"https:\/\/api.w.org\/{rel}","templated":true}]}}